{"id":712,"date":"2024-06-19T02:48:28","date_gmt":"2024-06-19T00:48:28","guid":{"rendered":"https:\/\/www.villagepommecannelle.com\/?page_id=712"},"modified":"2024-06-19T03:52:19","modified_gmt":"2024-06-19T01:52:19","slug":"contact","status":"publish","type":"page","link":"https:\/\/www.villagepommecannelle.com\/en\/contact\/","title":{"rendered":"Contact"},"content":{"rendered":"\n                <div class='gf_browser_gecko gform_wrapper' id='gform_wrapper_1' ><form method='post' enctype='multipart\/form-data'  id='gform_1'  action='\/en\/wp-json\/wp\/v2\/pages\/712'>\n                        <div class='gform_heading'>\n                            <h3 class='gform_title'>Contact FR<\/h3>\n                            <span class='gform_description'><\/span>\n                        <\/div>\n                        <div class='gform_body'><ul id='gform_fields_1' class='gform_fields top_label form_sublabel_below description_below'><li id='field_1_1'  class='gfield gfield_contains_required field_sublabel_below field_description_below gfield_visibility_visible' ><label class='gfield_label' for='input_1_1' >Votre nom<span class='gfield_required'>*<\/span><\/label><div class='ginput_container ginput_container_text'><input name='input_1' id='input_1_1' type='text' value='' class='medium'    placeholder='Nom' aria-required=\"true\" aria-invalid=\"false\" \/><\/div><\/li><li id='field_1_2'  class='gfield gfield_contains_required field_sublabel_below field_description_below gfield_visibility_visible' ><label class='gfield_label' for='input_1_2' >Pr\u00e9nom<span class='gfield_required'>*<\/span><\/label><div class='ginput_container ginput_container_text'><input name='input_2' id='input_1_2' type='text' value='' class='medium'    placeholder='Votre pr\u00e9nom' aria-required=\"true\" aria-invalid=\"false\" \/><\/div><\/li><li id='field_1_3'  class='gfield gfield_contains_required field_sublabel_below field_description_below gfield_visibility_visible' ><label class='gfield_label' for='input_1_3' >E-mail<span class='gfield_required'>*<\/span><\/label><div class='ginput_container ginput_container_email'>\n                            <input name='input_3' id='input_1_3' type='text' value='' class='medium'   placeholder='Votre adresse eMail' aria-required=\"true\" aria-invalid=\"false\" \/>\n                        <\/div><\/li><li id='field_1_4'  class='gfield gfield_contains_required field_sublabel_below field_description_below gfield_visibility_visible' ><label class='gfield_label' for='input_1_4' >Objet<span class='gfield_required'>*<\/span><\/label><div class='ginput_container ginput_container_text'><input name='input_4' id='input_1_4' type='text' value='' class='medium'    placeholder='Sujet de votre message' aria-required=\"true\" aria-invalid=\"false\" \/><\/div><\/li><li id='field_1_5'  class='gfield gfield_contains_required field_sublabel_below field_description_below gfield_visibility_visible textarea_field' ><label class='gfield_label' for='input_1_5' >Message<span class='gfield_required'>*<\/span><\/label><div class='ginput_container ginput_container_textarea'><textarea name='input_5' id='input_1_5' class='textarea medium'    placeholder='Votre message' aria-required=\"true\" aria-invalid=\"false\"   rows='10' cols='50'><\/textarea><\/div><\/li><li id='field_1_6'  class='gfield gfield_contains_required field_sublabel_below field_description_below gfield_visibility_visible' ><label class='gfield_label'  ><span class='gfield_required'>*<\/span><\/label><div class='ginput_container ginput_container_consent'><input name='input_6.1' id='input_1_6_1' type='checkbox' value='1'   aria-required=\"true\" aria-invalid=\"false\"   \/> <label class=\"gfield_consent_label\" for='input_1_6_1' >En soumettant ce formulaire, j'accepte que les informations saisies puissent \u00eatre utilis\u00e9es dans le cadre de la relation commerciale qui peut en r\u00e9sulter.<\/label><input type='hidden' name='input_6.2' value='En soumettant ce formulaire, j&#039;accepte que les informations saisies puissent \u00eatre utilis\u00e9es dans le cadre de la relation commerciale qui peut en r\u00e9sulter.' class='gform_hidden' \/><input type='hidden' name='input_6.3' value='1' class='gform_hidden' \/><\/div><\/li><li id='field_1_7'  class='gfield gform_validation_container field_sublabel_below field_description_below gfield_visibility_visible' ><label class='gfield_label' for='input_1_7' >Email<\/label><div class='ginput_container'><input name='input_7' id='input_1_7' type='text' value='' \/><\/div><div class='gfield_description' id='gfield_description_1_7'>This field is for validation purposes and should be left unchanged.<\/div><\/li>\n                            <\/ul><\/div>\n        <div class='gform_footer top_label'> <input type='submit' id='gform_submit_button_1' class='gform_button button' value='Envoyer'  onclick='if(window[\"gf_submitting_1\"]){return false;}  window[\"gf_submitting_1\"]=true;  ' onkeypress='if( event.keyCode == 13 ){ if(window[\"gf_submitting_1\"]){return false;} window[\"gf_submitting_1\"]=true;  jQuery(\"#gform_1\").trigger(\"submit\",[true]); }' \/><div class=\"mandatory\">Mandatory fields *<\/div> \n            <input type='hidden' class='gform_hidden' name='is_submit_1' value='1' \/>\n            <input type='hidden' class='gform_hidden' name='gform_submit' value='1' \/>\n            \n            <input type='hidden' class='gform_hidden' name='gform_unique_id' value='' \/>\n            <input type='hidden' class='gform_hidden' name='state_1' value='WyJ7XCI2LjFcIjpcImYxZmM1MjFlYjZkMjBhN2NlMTc5YzMwOWZlYTgzN2Q3XCIsXCI2LjJcIjpcIjNiOWIzZmI3MGY0MTA1YzhiMTFmZGRiMWY2MzlmNzY5XCIsXCI2LjNcIjpcImYxZmM1MjFlYjZkMjBhN2NlMTc5YzMwOWZlYTgzN2Q3XCJ9IiwiNGI1MDM4OTNlMjM0OTI4YmYzMjI0NWQ2N2U2MGM4OWEiXQ==' \/>\n            <input type='hidden' class='gform_hidden' name='gform_target_page_number_1' id='gform_target_page_number_1' value='0' \/>\n            <input type='hidden' class='gform_hidden' name='gform_source_page_number_1' id='gform_source_page_number_1' value='1' \/>\n            <input type='hidden' name='gform_field_values' value='' \/>\n            \n        <\/div>\n                        <\/form>\n                        <\/div>\n","protected":false},"excerpt":{"rendered":"","protected":false},"author":108,"featured_media":783,"parent":0,"menu_order":0,"comment_status":"closed","ping_status":"closed","template":"template-contacts.php","meta":{"footnotes":""},"class_list":["post-712","page","type-page","status-publish","has-post-thumbnail","hentry"],"yoast_head":"<!-- This site is optimized with the Yoast SEO plugin v26.9 - https:\/\/yoast.com\/product\/yoast-seo-wordpress\/ -->\n<title>Contact - Village Pomme Cannelle<\/title>\n<meta name=\"robots\" content=\"index, follow, max-snippet:-1, max-image-preview:large, max-video-preview:-1\" \/>\n<link rel=\"canonical\" href=\"https:\/\/www.villagepommecannelle.com\/en\/contact\/\" \/>\n<meta property=\"og:locale\" content=\"en_US\" \/>\n<meta property=\"og:type\" content=\"article\" \/>\n<meta property=\"og:title\" content=\"Contact - Village Pomme Cannelle\" \/>\n<meta property=\"og:url\" content=\"https:\/\/www.villagepommecannelle.com\/en\/contact\/\" \/>\n<meta property=\"og:site_name\" content=\"Village Pomme Cannelle\" \/>\n<meta property=\"article:modified_time\" content=\"2024-06-19T01:52:19+00:00\" \/>\n<meta property=\"og:image\" content=\"https:\/\/www.villagepommecannelle.com\/wp-content\/uploads\/sites\/82\/2024\/06\/IMG_6819-Copie-2.jpg\" \/>\n\t<meta property=\"og:image:width\" content=\"1151\" \/>\n\t<meta property=\"og:image:height\" content=\"1200\" \/>\n\t<meta property=\"og:image:type\" content=\"image\/jpeg\" \/>\n<meta name=\"twitter:card\" content=\"summary_large_image\" \/>\n<meta name=\"twitter:label1\" content=\"Est. reading time\" \/>\n\t<meta name=\"twitter:data1\" content=\"1 minute\" \/>\n<script type=\"application\/ld+json\" class=\"yoast-schema-graph\">{\"@context\":\"https:\/\/schema.org\",\"@graph\":[{\"@type\":\"WebPage\",\"@id\":\"https:\/\/www.villagepommecannelle.com\/en\/contact\/\",\"url\":\"https:\/\/www.villagepommecannelle.com\/en\/contact\/\",\"name\":\"Contact - Village Pomme Cannelle\",\"isPartOf\":{\"@id\":\"https:\/\/www.villagepommecannelle.com\/en\/#website\"},\"primaryImageOfPage\":{\"@id\":\"https:\/\/www.villagepommecannelle.com\/en\/contact\/#primaryimage\"},\"image\":{\"@id\":\"https:\/\/www.villagepommecannelle.com\/en\/contact\/#primaryimage\"},\"thumbnailUrl\":\"https:\/\/www.villagepommecannelle.com\/wp-content\/uploads\/sites\/82\/2024\/06\/IMG_3267.jpg\",\"datePublished\":\"2024-06-19T00:48:28+00:00\",\"dateModified\":\"2024-06-19T01:52:19+00:00\",\"breadcrumb\":{\"@id\":\"https:\/\/www.villagepommecannelle.com\/en\/contact\/#breadcrumb\"},\"inLanguage\":\"en-US\",\"potentialAction\":[{\"@type\":\"ReadAction\",\"target\":[\"https:\/\/www.villagepommecannelle.com\/en\/contact\/\"]}]},{\"@type\":\"ImageObject\",\"inLanguage\":\"en-US\",\"@id\":\"https:\/\/www.villagepommecannelle.com\/en\/contact\/#primaryimage\",\"url\":\"https:\/\/www.villagepommecannelle.com\/wp-content\/uploads\/sites\/82\/2024\/06\/IMG_3267.jpg\",\"contentUrl\":\"https:\/\/www.villagepommecannelle.com\/wp-content\/uploads\/sites\/82\/2024\/06\/IMG_3267.jpg\",\"width\":900,\"height\":1200},{\"@type\":\"BreadcrumbList\",\"@id\":\"https:\/\/www.villagepommecannelle.com\/en\/contact\/#breadcrumb\",\"itemListElement\":[{\"@type\":\"ListItem\",\"position\":1,\"name\":\"Accueil\",\"item\":\"https:\/\/www.villagepommecannelle.com\/en\/\"},{\"@type\":\"ListItem\",\"position\":2,\"name\":\"Contact\"}]},{\"@type\":\"WebSite\",\"@id\":\"https:\/\/www.villagepommecannelle.com\/en\/#website\",\"url\":\"https:\/\/www.villagepommecannelle.com\/en\/\",\"name\":\"Village Pomme Cannelle\",\"description\":\"\",\"potentialAction\":[{\"@type\":\"SearchAction\",\"target\":{\"@type\":\"EntryPoint\",\"urlTemplate\":\"https:\/\/www.villagepommecannelle.com\/en\/?s={search_term_string}\"},\"query-input\":{\"@type\":\"PropertyValueSpecification\",\"valueRequired\":true,\"valueName\":\"search_term_string\"}}],\"inLanguage\":\"en-US\"}]}<\/script>\n<!-- \/ Yoast SEO plugin. -->","yoast_head_json":{"title":"Contact - Village Pomme Cannelle","robots":{"index":"index","follow":"follow","max-snippet":"max-snippet:-1","max-image-preview":"max-image-preview:large","max-video-preview":"max-video-preview:-1"},"canonical":"https:\/\/www.villagepommecannelle.com\/en\/contact\/","og_locale":"en_US","og_type":"article","og_title":"Contact - Village Pomme Cannelle","og_url":"https:\/\/www.villagepommecannelle.com\/en\/contact\/","og_site_name":"Village Pomme Cannelle","article_modified_time":"2024-06-19T01:52:19+00:00","og_image":[{"width":1151,"height":1200,"url":"https:\/\/www.villagepommecannelle.com\/wp-content\/uploads\/sites\/82\/2024\/06\/IMG_6819-Copie-2.jpg","type":"image\/jpeg"}],"twitter_card":"summary_large_image","twitter_misc":{"Est. reading time":"1 minute"},"schema":{"@context":"https:\/\/schema.org","@graph":[{"@type":"WebPage","@id":"https:\/\/www.villagepommecannelle.com\/en\/contact\/","url":"https:\/\/www.villagepommecannelle.com\/en\/contact\/","name":"Contact - Village Pomme Cannelle","isPartOf":{"@id":"https:\/\/www.villagepommecannelle.com\/en\/#website"},"primaryImageOfPage":{"@id":"https:\/\/www.villagepommecannelle.com\/en\/contact\/#primaryimage"},"image":{"@id":"https:\/\/www.villagepommecannelle.com\/en\/contact\/#primaryimage"},"thumbnailUrl":"https:\/\/www.villagepommecannelle.com\/wp-content\/uploads\/sites\/82\/2024\/06\/IMG_3267.jpg","datePublished":"2024-06-19T00:48:28+00:00","dateModified":"2024-06-19T01:52:19+00:00","breadcrumb":{"@id":"https:\/\/www.villagepommecannelle.com\/en\/contact\/#breadcrumb"},"inLanguage":"en-US","potentialAction":[{"@type":"ReadAction","target":["https:\/\/www.villagepommecannelle.com\/en\/contact\/"]}]},{"@type":"ImageObject","inLanguage":"en-US","@id":"https:\/\/www.villagepommecannelle.com\/en\/contact\/#primaryimage","url":"https:\/\/www.villagepommecannelle.com\/wp-content\/uploads\/sites\/82\/2024\/06\/IMG_3267.jpg","contentUrl":"https:\/\/www.villagepommecannelle.com\/wp-content\/uploads\/sites\/82\/2024\/06\/IMG_3267.jpg","width":900,"height":1200},{"@type":"BreadcrumbList","@id":"https:\/\/www.villagepommecannelle.com\/en\/contact\/#breadcrumb","itemListElement":[{"@type":"ListItem","position":1,"name":"Accueil","item":"https:\/\/www.villagepommecannelle.com\/en\/"},{"@type":"ListItem","position":2,"name":"Contact"}]},{"@type":"WebSite","@id":"https:\/\/www.villagepommecannelle.com\/en\/#website","url":"https:\/\/www.villagepommecannelle.com\/en\/","name":"Village Pomme Cannelle","description":"","potentialAction":[{"@type":"SearchAction","target":{"@type":"EntryPoint","urlTemplate":"https:\/\/www.villagepommecannelle.com\/en\/?s={search_term_string}"},"query-input":{"@type":"PropertyValueSpecification","valueRequired":true,"valueName":"search_term_string"}}],"inLanguage":"en-US"}]}},"acf":[],"_links":{"self":[{"href":"https:\/\/www.villagepommecannelle.com\/en\/wp-json\/wp\/v2\/pages\/712","targetHints":{"allow":["GET"]}}],"collection":[{"href":"https:\/\/www.villagepommecannelle.com\/en\/wp-json\/wp\/v2\/pages"}],"about":[{"href":"https:\/\/www.villagepommecannelle.com\/en\/wp-json\/wp\/v2\/types\/page"}],"author":[{"embeddable":true,"href":"https:\/\/www.villagepommecannelle.com\/en\/wp-json\/wp\/v2\/users\/108"}],"replies":[{"embeddable":true,"href":"https:\/\/www.villagepommecannelle.com\/en\/wp-json\/wp\/v2\/comments?post=712"}],"version-history":[{"count":0,"href":"https:\/\/www.villagepommecannelle.com\/en\/wp-json\/wp\/v2\/pages\/712\/revisions"}],"wp:featuredmedia":[{"embeddable":true,"href":"https:\/\/www.villagepommecannelle.com\/en\/wp-json\/wp\/v2\/media\/783"}],"wp:attachment":[{"href":"https:\/\/www.villagepommecannelle.com\/en\/wp-json\/wp\/v2\/media?parent=712"}],"curies":[{"name":"wp","href":"https:\/\/api.w.org\/{rel}","templated":true}]}}